{"id":9693,"date":"2018-09-13T13:36:36","date_gmt":"2018-09-13T12:36:36","guid":{"rendered":"https:\/\/gestiobcn.com\/politica-de-privacidad\/"},"modified":"2018-11-06T15:52:23","modified_gmt":"2018-11-06T14:52:23","slug":"politica-de-privacidad","status":"publish","type":"page","link":"https:\/\/gestiobcn.com\/es\/politica-de-privacidad\/","title":{"rendered":"Pol\u00edtica de Privacidad"},"content":{"rendered":"<div id=\"clickdatos\">\n<p style=\"text-align: left;\">Sus datos ser\u00e1n tratados por <strong>SAGARRA Y MONTALVO GESTION BCN<\/strong>. con el fin de poder suministrarle la informaci\u00f3n que nos ha solicitado. No ser\u00e1n comunicados a terceros ni se utilizar\u00e1n para ninguna otra finalidad.<\/p>\n<p style=\"text-align: left;\">En cumplimiento de la normativa (UE) 2016\/679 Reglamento General de Protecci\u00f3n de Datos, le informamos que, una vez enviada la informaci\u00f3n solicitada, sus datos ser\u00e1n borrados de nuestros sistemas.<\/p>\n<p style=\"text-align: left;\">Tambi\u00e9n le informamos que puede presentar una reclamaci\u00f3n ante la Agencia Espa\u00f1ola de Protecci\u00f3n de Datos si considera que se han visto vulnerados sus derechos.<\/p>\n<p style=\"text-align: left;\">\n<\/div>\n","protected":false},"excerpt":{"rendered":"<p>Sus datos ser\u00e1n tratados por SAGARRA Y MONTALVO GESTION BCN. con el fin de poder suministrarle la informaci\u00f3n que nos ha solicitado. No ser\u00e1n comunicados a terceros ni se utilizar\u00e1n&#8230;<\/p>\n","protected":false},"author":2,"featured_media":0,"parent":0,"menu_order":0,"comment_status":"closed","ping_status":"closed","template":"","meta":{"inline_featured_image":false,"footnotes":""},"class_list":["post-9693","page","type-page","status-publish","hentry"],"aioseo_notices":[],"_links":{"self":[{"href":"https:\/\/gestiobcn.com\/es\/wp-json\/wp\/v2\/pages\/9693","targetHints":{"allow":["GET"]}}],"collection":[{"href":"https:\/\/gestiobcn.com\/es\/wp-json\/wp\/v2\/pages"}],"about":[{"href":"https:\/\/gestiobcn.com\/es\/wp-json\/wp\/v2\/types\/page"}],"author":[{"embeddable":true,"href":"https:\/\/gestiobcn.com\/es\/wp-json\/wp\/v2\/users\/2"}],"replies":[{"embeddable":true,"href":"https:\/\/gestiobcn.com\/es\/wp-json\/wp\/v2\/comments?post=9693"}],"version-history":[{"count":0,"href":"https:\/\/gestiobcn.com\/es\/wp-json\/wp\/v2\/pages\/9693\/revisions"}],"wp:attachment":[{"href":"https:\/\/gestiobcn.com\/es\/wp-json\/wp\/v2\/media?parent=9693"}],"curies":[{"name":"wp","href":"https:\/\/api.w.org\/{rel}","templated":true}]}}