{"id":895,"date":"2012-11-22T22:00:56","date_gmt":"2012-11-22T22:00:56","guid":{"rendered":"http:\/\/gestiobcn.onlinesolutionsbcn.com\/?page_id=895"},"modified":"2023-12-23T21:24:28","modified_gmt":"2023-12-23T20:24:28","slug":"emprendedores","status":"publish","type":"page","link":"https:\/\/gestiobcn.com\/es\/autonomos\/emprendedores\/","title":{"rendered":"Servicios Laborales"},"content":{"rendered":"<div class=\"wpb-content-wrapper\"><p>[vc_row][vc_column][vc_column_text]Puede beneficiarse de la comodidad de tener integrada la gesti\u00f3n laboral y el asesoramiento jur\u00eddico por especialistas en ambas materias. As\u00ed como de un asesoramiento previo a la contrataci\u00f3n.[\/vc_column_text][\/vc_column][\/vc_row][vc_row][vc_column width=&#8221;2\/3&#8243;][vc_column_text]Entre las diferentes tareas que llevamos a cabo, tiene:<\/p>\n<ul>\n<li>Informaci\u00f3n puntual y peri\u00f3dica de disposiciones que afectan al \u00e1rea laboral.<\/li>\n<li>Asesoramiento sobre la normativa de aplicaci\u00f3n en material laboral y de Seguridad Social.<\/li>\n<li>Obtenci\u00f3n ante la Tesorer\u00eda General de la Seguridad Social de C\u00f3digo Cuenta Cotizaci\u00f3n.<\/li>\n<li>C\u00e1lculo y confecci\u00f3n de los recibos de salarios atrasos y liquidaciones.<\/li>\n<li>Confecci\u00f3n y presentaci\u00f3n de los nuevos contratos de trabajo y pr\u00f3rrogas, altas y bajas en la Tesorer\u00eda General de la Seguridad Social.<\/li>\n<li>Confecci\u00f3n de anexos en caso de variaciones de jornada y\/u horario.<\/li>\n<li>Confecci\u00f3n de remesas bancarias.<\/li>\n<li>Env\u00edo de las hojas de salario a los trabajadores por e-mail.<\/li>\n<li>Tramitaci\u00f3n telem\u00e1tica de los certificados de empresa.<\/li>\n<li>Tramitaci\u00f3n de bajas y altas m\u00e9dicas, confirmaciones y accidentes de trabajo.<\/li>\n<li>Solicitud de certificados de estar al corriente de pago con las distintas administraciones.<\/li>\n<li>Confecci\u00f3n, en su caso, de encuestas exigidas por el Instituto Nacional de Estad\u00edstica.<\/li>\n<li>Estudio mensual de retribuciones salariales y costes laborales.<\/li>\n<li>Confecci\u00f3n de declaraciones de situaci\u00f3n familiar de los trabajadores y certificados de retenciones.<\/li>\n<li>Confecci\u00f3n y tramitaci\u00f3n de las liquidaciones de seguros sociales.<\/li>\n<li>Elaboraci\u00f3n de pactos individuales y cl\u00e1usulas especiales.<\/li>\n<li>Confeccionamos y presentamos las obligaciones de declaraciones tributarias.<\/li>\n<li>Asesoramiento en cada uno de los aspectos relevantes en una relaci\u00f3n laboral, as\u00ed como en todas aquellas tareas derivadas de la gesti\u00f3n laboral y el d\u00eda a d\u00eda de la actividad.<\/li>\n<\/ul>\n<p>[\/vc_column_text][\/vc_column][vc_column width=&#8221;1\/3&#8243;][vc_single_image image=&#8221;14933&#8243; img_size=&#8221;full&#8221;][\/vc_column][\/vc_row]<\/p>\n<\/div>","protected":false},"excerpt":{"rendered":"<p>Puede beneficiarse de la comodidad de tener integrada la gesti\u00f3n laboral.<\/p>\n","protected":false},"author":2,"featured_media":14915,"parent":338,"menu_order":1,"comment_status":"closed","ping_status":"open","template":"page-corporative.php","meta":{"inline_featured_image":false,"footnotes":""},"class_list":["post-895","page","type-page","status-publish","has-post-thumbnail","hentry"],"aioseo_notices":[],"_links":{"self":[{"href":"https:\/\/gestiobcn.com\/es\/wp-json\/wp\/v2\/pages\/895","targetHints":{"allow":["GET"]}}],"collection":[{"href":"https:\/\/gestiobcn.com\/es\/wp-json\/wp\/v2\/pages"}],"about":[{"href":"https:\/\/gestiobcn.com\/es\/wp-json\/wp\/v2\/types\/page"}],"author":[{"embeddable":true,"href":"https:\/\/gestiobcn.com\/es\/wp-json\/wp\/v2\/users\/2"}],"replies":[{"embeddable":true,"href":"https:\/\/gestiobcn.com\/es\/wp-json\/wp\/v2\/comments?post=895"}],"version-history":[{"count":0,"href":"https:\/\/gestiobcn.com\/es\/wp-json\/wp\/v2\/pages\/895\/revisions"}],"up":[{"embeddable":true,"href":"https:\/\/gestiobcn.com\/es\/wp-json\/wp\/v2\/pages\/338"}],"wp:featuredmedia":[{"embeddable":true,"href":"https:\/\/gestiobcn.com\/es\/wp-json\/wp\/v2\/media\/14915"}],"wp:attachment":[{"href":"https:\/\/gestiobcn.com\/es\/wp-json\/wp\/v2\/media?parent=895"}],"curies":[{"name":"wp","href":"https:\/\/api.w.org\/{rel}","templated":true}]}}