{"id":534,"date":"2012-11-16T22:16:52","date_gmt":"2012-11-16T22:16:52","guid":{"rendered":"http:\/\/gestiobcn.onlinesolutionsbcn.com\/?page_id=534"},"modified":"2023-12-26T18:50:33","modified_gmt":"2023-12-26T17:50:33","slug":"empresas","status":"publish","type":"page","link":"https:\/\/gestiobcn.com\/es\/empresas\/","title":{"rendered":"Empresas"},"content":{"rendered":"<div class=\"wpb-content-wrapper\"><p>[vc_row][vc_column width=&#8221;5\/12&#8243;][vc_single_image image=&#8221;14919&#8243; img_size=&#8221;full&#8221;][\/vc_column][vc_column width=&#8221;7\/12&#8243;][vc_column_text]Gracias a los a\u00f1os de experiencia, ofrecemos un soporte integral en la gesti\u00f3n de las \u00e1reas fiscal, laboral y contable. Ofreciendo un t\u00e9cnico especialista siempre disponible para cualquier consulta, sea telef\u00f3nicamente o v\u00eda e-mail.<\/p>\n<p>Aprovechando las ventajas que supone unificar la gesti\u00f3n laboral, fiscal y contable de las empresas, podemos ofrecer instrumentos de control y herramientas necesarias para optimizar tiempo y minimizar riesgos.<\/p>\n<p>Queremos que nuestro trabajo no se simplifique en un asesoramiento puntual y concreto a partir de una operaci\u00f3n determinada, sino que perseguimos una planificaci\u00f3n fiscal continua de la empresa.[\/vc_column_text][\/vc_column][\/vc_row][vc_section el_class=&#8221;services-section&#8221;][vc_row el_class=&#8221;services-caption&#8221;][vc_column][vc_custom_heading text=&#8221;Servicios&#8221; font_container=&#8221;tag:div|text_align:left&#8221; use_theme_fonts=&#8221;yes&#8221; el_class=&#8221;sub-text&#8221;][vc_custom_heading text=&#8221;Nuestras \u00e1reas de actuaci\u00f3n&#8221; use_theme_fonts=&#8221;yes&#8221;][\/vc_column][\/vc_row][vc_row el_class=&#8221;card-row&#8221;][vc_column width=&#8221;1\/2&#8243;]<a class=\"card card-link\" id=\"\" href=\"https:\/\/gestiobcn.com\/es\/empresas\/servicios-contables\/\">\r\n            <img loading=\"lazy\" decoding=\"async\" src=\"https:\/\/gestiobcn.com\/wp-content\/uploads\/2023\/12\/contables.svg\" width=\"37\" height=\"51\" class=\"card-img-left\" alt=\"\"\/>\r\n            <div class=\"card-body\">\r\n              <h3>Servicios contables<\/h3>\r\n              <div class=\"card-text\"><p>Le ofrecemos los instrumentos de control y gesti\u00f3n que necesite.<\/p>\n<\/div>\r\n            <\/div>\r\n        <\/a>[\/vc_column][vc_column width=&#8221;1\/2&#8243;]<a class=\"card card-link\" id=\"\" href=\"https:\/\/gestiobcn.com\/es\/empresas\/gestion-laboral\/\">\r\n            <img loading=\"lazy\" decoding=\"async\" src=\"https:\/\/gestiobcn.com\/wp-content\/uploads\/2023\/12\/laborales.svg\" width=\"50\" height=\"47\" class=\"card-img-left\" alt=\"\"\/>\r\n            <div class=\"card-body\">\r\n              <h3>Servicios laborales<\/h3>\r\n              <div class=\"card-text\"><p>Puede beneficiarse de la comodidad de tener integrada la gesti\u00f3n laboral.<\/p>\n<\/div>\r\n            <\/div>\r\n        <\/a>[\/vc_column][vc_column width=&#8221;1\/2&#8243;]<a class=\"card card-link\" id=\"\" href=\"https:\/\/gestiobcn.com\/es\/empresas\/asesoria-fiscal\/\">\r\n            <img loading=\"lazy\" decoding=\"async\" src=\"https:\/\/gestiobcn.com\/wp-content\/uploads\/2023\/12\/fiscales.svg\" width=\"45\" height=\"55\" class=\"card-img-left\" alt=\"\"\/>\r\n            <div class=\"card-body\">\r\n              <h3>Servicios fiscales<\/h3>\r\n              <div class=\"card-text\"><p>Perseguimos una planificaci\u00f3n fiscal continua de la empresa.<\/p>\n<\/div>\r\n            <\/div>\r\n        <\/a>[\/vc_column][\/vc_row][\/vc_section]<\/p>\n<\/div>","protected":false},"excerpt":{"rendered":"<p>[vc_row][vc_column width=&#8221;5\/12&#8243;][vc_single_image image=&#8221;14919&#8243; img_size=&#8221;full&#8221;][\/vc_column][vc_column width=&#8221;7\/12&#8243;][vc_column_text]Gracias a los a\u00f1os de experiencia, ofrecemos un soporte integral en la gesti\u00f3n de las \u00e1reas fiscal, laboral y contable. Ofreciendo un t\u00e9cnico especialista siempre disponible&#8230;<\/p>\n","protected":false},"author":2,"featured_media":14921,"parent":0,"menu_order":0,"comment_status":"closed","ping_status":"closed","template":"page-corporative.php","meta":{"inline_featured_image":false,"footnotes":""},"class_list":["post-534","page","type-page","status-publish","has-post-thumbnail","hentry"],"aioseo_notices":[],"_links":{"self":[{"href":"https:\/\/gestiobcn.com\/es\/wp-json\/wp\/v2\/pages\/534","targetHints":{"allow":["GET"]}}],"collection":[{"href":"https:\/\/gestiobcn.com\/es\/wp-json\/wp\/v2\/pages"}],"about":[{"href":"https:\/\/gestiobcn.com\/es\/wp-json\/wp\/v2\/types\/page"}],"author":[{"embeddable":true,"href":"https:\/\/gestiobcn.com\/es\/wp-json\/wp\/v2\/users\/2"}],"replies":[{"embeddable":true,"href":"https:\/\/gestiobcn.com\/es\/wp-json\/wp\/v2\/comments?post=534"}],"version-history":[{"count":0,"href":"https:\/\/gestiobcn.com\/es\/wp-json\/wp\/v2\/pages\/534\/revisions"}],"wp:featuredmedia":[{"embeddable":true,"href":"https:\/\/gestiobcn.com\/es\/wp-json\/wp\/v2\/media\/14921"}],"wp:attachment":[{"href":"https:\/\/gestiobcn.com\/es\/wp-json\/wp\/v2\/media?parent=534"}],"curies":[{"name":"wp","href":"https:\/\/api.w.org\/{rel}","templated":true}]}}