{"id":338,"date":"2012-09-25T20:34:40","date_gmt":"2012-09-25T20:34:40","guid":{"rendered":"http:\/\/gestiobcn.onlinesolutionsbcn.com\/?page_id=338"},"modified":"2023-12-26T18:54:41","modified_gmt":"2023-12-26T17:54:41","slug":"autonomos","status":"publish","type":"page","link":"https:\/\/gestiobcn.com\/es\/autonomos\/","title":{"rendered":"Aut\u00f3nomos"},"content":{"rendered":"<div class=\"wpb-content-wrapper\"><p>[vc_row][vc_column width=&#8221;5\/12&#8243;][vc_single_image image=&#8221;14911&#8243; img_size=&#8221;full&#8221;][\/vc_column][vc_column width=&#8221;7\/12&#8243;][vc_column_text]Queremos que nuestro trabajo no se limite en un asesoramiento puntual y concreto, sino que perseguimos una planificaci\u00f3n fiscal continua de la actividad que se desarrolla. Ofreciendo un t\u00e9cnico especialista siempre disponible para cualquier consulta, sea telef\u00f3nicamente o v\u00eda e-mail.<\/p>\n<p>Nos adaptamos en cuanto a la recogida o traspaso de informaci\u00f3n y enviamos puntualmente los impuestos y declaraciones tan pronto como se han presentado.[\/vc_column_text][\/vc_column][\/vc_row][vc_section el_class=&#8221;services-section&#8221;][vc_row el_class=&#8221;services-caption&#8221;][vc_column][vc_custom_heading text=&#8221;Servicios&#8221; font_container=&#8221;tag:div|text_align:left&#8221; use_theme_fonts=&#8221;yes&#8221; el_class=&#8221;sub-text&#8221;][vc_custom_heading text=&#8221;Nuestras \u00e1reas de actuaci\u00f3n&#8221; use_theme_fonts=&#8221;yes&#8221;][\/vc_column][\/vc_row][vc_row el_class=&#8221;card-row&#8221;][vc_column width=&#8221;1\/2&#8243;]<a class=\"card card-link\" id=\"\" href=\"https:\/\/gestiobcn.com\/es\/emprendedores\/\">\r\n            <img loading=\"lazy\" decoding=\"async\" src=\"https:\/\/gestiobcn.com\/wp-content\/uploads\/2023\/12\/laborales.svg\" width=\"50\" height=\"47\" class=\"card-img-left\" alt=\"\"\/>\r\n            <div class=\"card-body\">\r\n              <h3>Servicios laborales<\/h3>\r\n              <div class=\"card-text\"><p>Puede beneficiarse de la comodidad de tener integrada la gesti\u00f3n laboral.<\/p>\n<\/div>\r\n            <\/div>\r\n        <\/a>[\/vc_column][vc_column width=&#8221;1\/2&#8243;]<a class=\"card card-link\" id=\"\" href=\"http:\/\/localhost\/gestiobcn\/es\/autonomos\/servicios-fiscales\/\">\r\n            <img loading=\"lazy\" decoding=\"async\" src=\"https:\/\/gestiobcn.com\/wp-content\/uploads\/2023\/12\/fiscales.svg\" width=\"45\" height=\"55\" class=\"card-img-left\" alt=\"\"\/>\r\n            <div class=\"card-body\">\r\n              <h3>Servicios fiscales<\/h3>\r\n              <div class=\"card-text\"><p>Perseguimos una planificaci\u00f3n fiscal continua de la empresa.<\/p>\n<\/div>\r\n            <\/div>\r\n        <\/a>[\/vc_column][\/vc_row][\/vc_section]<\/p>\n<\/div>","protected":false},"excerpt":{"rendered":"<p>[vc_row][vc_column width=&#8221;5\/12&#8243;][vc_single_image image=&#8221;14911&#8243; img_size=&#8221;full&#8221;][\/vc_column][vc_column width=&#8221;7\/12&#8243;][vc_column_text]Queremos que nuestro trabajo no se limite en un asesoramiento puntual y concreto, sino que perseguimos una planificaci\u00f3n fiscal continua de la actividad que se desarrolla&#8230;.<\/p>\n","protected":false},"author":2,"featured_media":14913,"parent":0,"menu_order":0,"comment_status":"closed","ping_status":"open","template":"page-corporative.php","meta":{"inline_featured_image":false,"footnotes":""},"class_list":["post-338","page","type-page","status-publish","has-post-thumbnail","hentry"],"aioseo_notices":[],"_links":{"self":[{"href":"https:\/\/gestiobcn.com\/es\/wp-json\/wp\/v2\/pages\/338","targetHints":{"allow":["GET"]}}],"collection":[{"href":"https:\/\/gestiobcn.com\/es\/wp-json\/wp\/v2\/pages"}],"about":[{"href":"https:\/\/gestiobcn.com\/es\/wp-json\/wp\/v2\/types\/page"}],"author":[{"embeddable":true,"href":"https:\/\/gestiobcn.com\/es\/wp-json\/wp\/v2\/users\/2"}],"replies":[{"embeddable":true,"href":"https:\/\/gestiobcn.com\/es\/wp-json\/wp\/v2\/comments?post=338"}],"version-history":[{"count":0,"href":"https:\/\/gestiobcn.com\/es\/wp-json\/wp\/v2\/pages\/338\/revisions"}],"wp:featuredmedia":[{"embeddable":true,"href":"https:\/\/gestiobcn.com\/es\/wp-json\/wp\/v2\/media\/14913"}],"wp:attachment":[{"href":"https:\/\/gestiobcn.com\/es\/wp-json\/wp\/v2\/media?parent=338"}],"curies":[{"name":"wp","href":"https:\/\/api.w.org\/{rel}","templated":true}]}}