{"id":330,"date":"2012-09-25T20:18:03","date_gmt":"2012-09-25T20:18:03","guid":{"rendered":"http:\/\/gestiobcn.onlinesolutionsbcn.com\/?page_id=330"},"modified":"2023-12-24T01:33:09","modified_gmt":"2023-12-24T00:33:09","slug":"asesoria-fiscal","status":"publish","type":"page","link":"https:\/\/gestiobcn.com\/es\/empresas\/asesoria-fiscal\/","title":{"rendered":"Servicios Fiscales"},"content":{"rendered":"<div class=\"wpb-content-wrapper\"><p>[vc_row][vc_column][vc_column_text]Desde el departamento fiscal, analizamos y le acompa\u00f1amos en sus obligaciones fiscales y tributarias, de acuerdo con la normativa vigente garantizando seguridad jur\u00eddica para la empresa y sus responsables.[\/vc_column_text][\/vc_column][\/vc_row][vc_row][vc_column width=&#8221;2\/3&#8243;][vc_column_text]Entre las diferentes tareas que llevamos a cabo, tiene:<\/p>\n<ul>\n<li>Informaci\u00f3n puntual y peri\u00f3dica de disposiciones fiscales y de todas las novedades y variaciones legislativas en materia fiscal.<\/li>\n<li>Asesoramiento personal in situ, telef\u00f3nico y e-mail sobre la normativa aplicable en material fiscal.<\/li>\n<li>Resoluci\u00f3n de cualquier consulta de car\u00e1cter fiscal que pueda originarse como consecuencia de las actividades ordinarias, financieras y extraordinarias de la empresa.<\/li>\n<li>Confecci\u00f3n y presentaci\u00f3n de las declaraciones mensuales o trimestrales y anuales que correspondan ante la Agencia Tributaria.<\/li>\n<li>Confecci\u00f3n y presentaci\u00f3n de las declaraciones anuales ante la Agencia Tributaria.<\/li>\n<li>Confecci\u00f3n y presentaci\u00f3n del Impuesto sobre Sociedades y sus correspondientes pagos a cuenta.<\/li>\n<li>Confecci\u00f3n y presentaci\u00f3n telem\u00e1tica ante el Registro Mercantil de los libros oficiales de contabilidad, el libro de actas y el libro de socios.<\/li>\n<li>Confecci\u00f3n y presentaci\u00f3n telem\u00e1tica frente al Registro Mercantil de los modelos oficiales de Cuentas Anuales.<\/li>\n<li>Asistencia ante Inspecciones Tributarias: asistencia, defensa, respuesta a requerimientos, liquidaciones y recursos en todos los impuestos de nuestro \u00e1mbito de actuaci\u00f3n frente a cualquier organismo.<\/li>\n<li>Presentaci\u00f3n y modificaciones censales ante la Agencia Tributaria.<\/li>\n<\/ul>\n<p>[\/vc_column_text][\/vc_column][vc_column width=&#8221;1\/3&#8243;][vc_single_image image=&#8221;14925&#8243; img_size=&#8221;full&#8221;][\/vc_column][\/vc_row]<\/p>\n<\/div>","protected":false},"excerpt":{"rendered":"<p>Perseguimos una planificaci\u00f3n fiscal continua de la empresa.<\/p>\n","protected":false},"author":2,"featured_media":14923,"parent":534,"menu_order":3,"comment_status":"closed","ping_status":"closed","template":"page-corporative.php","meta":{"inline_featured_image":false,"footnotes":""},"class_list":["post-330","page","type-page","status-publish","has-post-thumbnail","hentry"],"aioseo_notices":[],"_links":{"self":[{"href":"https:\/\/gestiobcn.com\/es\/wp-json\/wp\/v2\/pages\/330","targetHints":{"allow":["GET"]}}],"collection":[{"href":"https:\/\/gestiobcn.com\/es\/wp-json\/wp\/v2\/pages"}],"about":[{"href":"https:\/\/gestiobcn.com\/es\/wp-json\/wp\/v2\/types\/page"}],"author":[{"embeddable":true,"href":"https:\/\/gestiobcn.com\/es\/wp-json\/wp\/v2\/users\/2"}],"replies":[{"embeddable":true,"href":"https:\/\/gestiobcn.com\/es\/wp-json\/wp\/v2\/comments?post=330"}],"version-history":[{"count":0,"href":"https:\/\/gestiobcn.com\/es\/wp-json\/wp\/v2\/pages\/330\/revisions"}],"up":[{"embeddable":true,"href":"https:\/\/gestiobcn.com\/es\/wp-json\/wp\/v2\/pages\/534"}],"wp:featuredmedia":[{"embeddable":true,"href":"https:\/\/gestiobcn.com\/es\/wp-json\/wp\/v2\/media\/14923"}],"wp:attachment":[{"href":"https:\/\/gestiobcn.com\/es\/wp-json\/wp\/v2\/media?parent=330"}],"curies":[{"name":"wp","href":"https:\/\/api.w.org\/{rel}","templated":true}]}}