{"id":300,"date":"2012-09-25T19:26:23","date_gmt":"2012-09-25T19:26:23","guid":{"rendered":"http:\/\/gestiobcn.onlinesolutionsbcn.com\/?page_id=300"},"modified":"2023-12-24T02:22:14","modified_gmt":"2023-12-24T01:22:14","slug":"servicios-contables","status":"publish","type":"page","link":"https:\/\/gestiobcn.com\/es\/empresas\/servicios-contables\/","title":{"rendered":"Servicios Contables"},"content":{"rendered":"<div class=\"wpb-content-wrapper\"><p>[vc_row][vc_column][vc_column_text]Desde el departamento de contabilidad, le ofrecemos los instrumentos de control e informaci\u00f3n que necesita para optimizar la toma de decisiones de su empresa. Garantizando una correcta gesti\u00f3n contable, adecuaci\u00f3n a la normativa vigente y consiguiente seguridad jur\u00eddica para la empresa y sus responsables.[\/vc_column_text][\/vc_column][\/vc_row][vc_row][vc_column width=&#8221;2\/3&#8243;][vc_column_text]Entre los diferentes servicios que ofrecemos puede encontrar:<\/p>\n<ul>\n<li>Informaci\u00f3n puntual y peri\u00f3dica de disposiciones contables.<\/li>\n<li>Resoluci\u00f3n de cualquier consulta de car\u00e1cter contable que pueda originarse como consecuencia de las actividades ordinarias, financieras y extraordinarias de la empresa.<\/li>\n<li>Confecci\u00f3n y elaboraci\u00f3n de la contabilidad de las operaciones econ\u00f3mico-financieras de la empresa, aplicando la normativa del Plan General Contable.<\/li>\n<li>Confecci\u00f3n de los libros contables obligatorios y dem\u00e1s registros auxiliares que soportan la contabilidad de la empresa y la posterior elaboraci\u00f3n de los diferentes estados financieros.<\/li>\n<li>Confecci\u00f3n y presentaci\u00f3n telem\u00e1tica frente al Registro Mercantil de los libros oficiales de contabilidad.<\/li>\n<li>Confecci\u00f3n y presentaci\u00f3n del libro de actas y socios ante el Registro Mercantil.<\/li>\n<li>Confecci\u00f3n y presentaci\u00f3n telem\u00e1tica frente al Registro Mercantil de los modelos oficiales de Cuentas Anuales.<\/li>\n<li>Asesoramiento general en procedimientos contable-administrativos, por empresas que se gestionan directamente su contabilidad.<\/li>\n<li>Posibilidad de llevar una contabilidad anal\u00edtica con distintos niveles de centros de coste.<\/li>\n<li>Preparaci\u00f3n y an\u00e1lisis de informes econ\u00f3mico-financieros, est\u00e1ndares o a medida, con la periodicidad solicitada.<\/li>\n<li>Gesti\u00f3n de vencimientos, tanto de clientes como de proveedores, adaptados a sus necesidades.<\/li>\n<li>Seguimiento y acompa\u00f1amiento de auditor\u00edas.<\/li>\n<li>Conciliaci\u00f3n de cuentas bancarias.<\/li>\n<li>Cierre de ejercicios, con el correspondiente an\u00e1lisis de los resultados para asesorar en el \u00f3ptimo funcionamiento de la empresa.<\/li>\n<\/ul>\n<p>[\/vc_column_text][\/vc_column][vc_column width=&#8221;1\/3&#8243;][vc_single_image image=&#8221;14917&#8243; img_size=&#8221;full&#8221; el_class=&#8221;corporative-image&#8221;][\/vc_column][\/vc_row]<\/p>\n<\/div>","protected":false},"excerpt":{"rendered":"<p>Le ofrecemos los instrumentos de control y gesti\u00f3n que necesite.<\/p>\n","protected":false},"author":2,"featured_media":14923,"parent":534,"menu_order":1,"comment_status":"closed","ping_status":"closed","template":"page-corporative.php","meta":{"inline_featured_image":false,"footnotes":""},"class_list":["post-300","page","type-page","status-publish","has-post-thumbnail","hentry"],"aioseo_notices":[],"_links":{"self":[{"href":"https:\/\/gestiobcn.com\/es\/wp-json\/wp\/v2\/pages\/300","targetHints":{"allow":["GET"]}}],"collection":[{"href":"https:\/\/gestiobcn.com\/es\/wp-json\/wp\/v2\/pages"}],"about":[{"href":"https:\/\/gestiobcn.com\/es\/wp-json\/wp\/v2\/types\/page"}],"author":[{"embeddable":true,"href":"https:\/\/gestiobcn.com\/es\/wp-json\/wp\/v2\/users\/2"}],"replies":[{"embeddable":true,"href":"https:\/\/gestiobcn.com\/es\/wp-json\/wp\/v2\/comments?post=300"}],"version-history":[{"count":0,"href":"https:\/\/gestiobcn.com\/es\/wp-json\/wp\/v2\/pages\/300\/revisions"}],"up":[{"embeddable":true,"href":"https:\/\/gestiobcn.com\/es\/wp-json\/wp\/v2\/pages\/534"}],"wp:featuredmedia":[{"embeddable":true,"href":"https:\/\/gestiobcn.com\/es\/wp-json\/wp\/v2\/media\/14923"}],"wp:attachment":[{"href":"https:\/\/gestiobcn.com\/es\/wp-json\/wp\/v2\/media?parent=300"}],"curies":[{"name":"wp","href":"https:\/\/api.w.org\/{rel}","templated":true}]}}