{"id":296,"date":"2012-09-25T19:18:35","date_gmt":"2012-09-25T19:18:35","guid":{"rendered":"http:\/\/gestiobcn.onlinesolutionsbcn.com\/?page_id=296"},"modified":"2023-12-24T01:29:11","modified_gmt":"2023-12-24T00:29:11","slug":"gestion-laboral","status":"publish","type":"page","link":"https:\/\/gestiobcn.com\/es\/empresas\/gestion-laboral\/","title":{"rendered":"Servicios Laborales"},"content":{"rendered":"<div class=\"wpb-content-wrapper\"><p>[vc_row][vc_column][vc_column_text]Puede beneficiarse de la comodidad de tener integrada la gesti\u00f3n laboral y asesoramiento jur\u00eddico por especialistas en ambas materias. Tendr\u00e1 un asesor en recursos humanos asignado y siempre disponible para cualquier consulta sea telef\u00f3nicamente o v\u00eda e-mail.[\/vc_column_text][\/vc_column][\/vc_row][vc_row][vc_column width=&#8221;2\/3&#8243;][vc_column_text]Podr\u00e1 disfrutar de los beneficios de nuestros estudios previos sobre la forma de contrataci\u00f3n m\u00e1s favorable y de acuerdo con las normas vigentes.<\/p>\n<ul>\n<li>Informaci\u00f3n puntual y peri\u00f3dica de disposiciones laborales y de Seguridad Social.<\/li>\n<li>Asesoramiento personal, telef\u00f3nico y por correo electr\u00f3nico sobre la normativa aplicable en material laboral y de Seguridad Social.<\/li>\n<li>Asesoramiento en materia de contrataci\u00f3n laboral.<\/li>\n<li>C\u00e1lculo y confecci\u00f3n de los recibos de salarios mensuales y pagas extraordinarias.<\/li>\n<li>Confecci\u00f3n y presentaci\u00f3n de los nuevos contratos de trabajo y pr\u00f3rrogas, altas y bajas en la Tesorer\u00eda General de la Seguridad Social y liquidaciones finales.<\/li>\n<li>Confecci\u00f3n de anexos en caso de variaciones de jornada y \/ o horario.<\/li>\n<li>Confecci\u00f3n de remesas bancarias.<\/li>\n<li>Env\u00edo de las hojas de salario a los trabajadores por e-mail.<\/li>\n<li>Documentaci\u00f3n necesaria para justificar subvenciones.<\/li>\n<li>Tramitaci\u00f3n telem\u00e1tica de los certificados de empresa.<\/li>\n<li>Tramitaci\u00f3n de bajas y altas m\u00e9dicas, confirmaciones y accidentes de trabajo.<\/li>\n<li>Solicitud de certificados de estar al corriente de pago con las diferentes Administraciones.<\/li>\n<li>Confecci\u00f3n, de encuestas exigidas por el Instituto Nacional de Estad\u00edstica.<\/li>\n<li>Estudio mensual de retribuciones salariales y costes laborales.<\/li>\n<li>Confecci\u00f3n de declaraciones de situaci\u00f3n familiar de los trabajadores y certificados de retenciones.<\/li>\n<li>Confecci\u00f3n y tramitaci\u00f3n de las liquidaciones de seguros sociales.<\/li>\n<li>Elaboraci\u00f3n de pactos individuales y cl\u00e1usulas especiales.<\/li>\n<li>Asesoramiento en cada uno de los aspectos relevantes en una relaci\u00f3n laboral: Condiciones de trabajo, movilidad, modificaciones sustanciales, faltas y sanciones.<\/li>\n<li>Asistencia t\u00e9cnica ante la inspecci\u00f3n de trabajo.<\/li>\n<li>Confecci\u00f3n y presentaci\u00f3n declaraci\u00f3n trimestral de IRPF, modelo 111.<\/li>\n<li>Confecci\u00f3n y presentaci\u00f3n declaraci\u00f3n anual de IRPF, modelo 190<\/li>\n<li>Servicio de asesoramiento jur\u00eddico laboral continuado.<\/li>\n<li>Todas aquellas tareas derivadas de la gesti\u00f3n laboral y el d\u00eda a d\u00eda de la empresa.<\/li>\n<\/ul>\n<p>[\/vc_column_text][\/vc_column][vc_column width=&#8221;1\/3&#8243;][vc_single_image image=&#8221;14933&#8243; img_size=&#8221;full&#8221;][\/vc_column][\/vc_row]<\/p>\n<\/div>","protected":false},"excerpt":{"rendered":"<p>Puede beneficiarse de la comodidad de tener integrada la gesti\u00f3n laboral.<\/p>\n","protected":false},"author":2,"featured_media":14923,"parent":534,"menu_order":2,"comment_status":"closed","ping_status":"closed","template":"page-corporative.php","meta":{"inline_featured_image":false,"footnotes":""},"class_list":["post-296","page","type-page","status-publish","has-post-thumbnail","hentry"],"aioseo_notices":[],"_links":{"self":[{"href":"https:\/\/gestiobcn.com\/es\/wp-json\/wp\/v2\/pages\/296","targetHints":{"allow":["GET"]}}],"collection":[{"href":"https:\/\/gestiobcn.com\/es\/wp-json\/wp\/v2\/pages"}],"about":[{"href":"https:\/\/gestiobcn.com\/es\/wp-json\/wp\/v2\/types\/page"}],"author":[{"embeddable":true,"href":"https:\/\/gestiobcn.com\/es\/wp-json\/wp\/v2\/users\/2"}],"replies":[{"embeddable":true,"href":"https:\/\/gestiobcn.com\/es\/wp-json\/wp\/v2\/comments?post=296"}],"version-history":[{"count":0,"href":"https:\/\/gestiobcn.com\/es\/wp-json\/wp\/v2\/pages\/296\/revisions"}],"up":[{"embeddable":true,"href":"https:\/\/gestiobcn.com\/es\/wp-json\/wp\/v2\/pages\/534"}],"wp:featuredmedia":[{"embeddable":true,"href":"https:\/\/gestiobcn.com\/es\/wp-json\/wp\/v2\/media\/14923"}],"wp:attachment":[{"href":"https:\/\/gestiobcn.com\/es\/wp-json\/wp\/v2\/media?parent=296"}],"curies":[{"name":"wp","href":"https:\/\/api.w.org\/{rel}","templated":true}]}}