{"id":286,"date":"2012-09-25T19:13:48","date_gmt":"2012-09-25T19:13:48","guid":{"rendered":"http:\/\/gestiobcn.onlinesolutionsbcn.com\/?page_id=286"},"modified":"2024-05-21T23:34:00","modified_gmt":"2024-05-21T22:34:00","slug":"quienes-somos","status":"publish","type":"page","link":"https:\/\/gestiobcn.com\/es\/quienes-somos\/","title":{"rendered":"Nosotros"},"content":{"rendered":"<p style=\"text-align: justify;\">Somos un grupo de profesionales con una dilatada experiencia en la gesti\u00f3n fiscal, laboral y contable, que nos permite dar un servicio integral de asesoramiento y gesti\u00f3n para empresas y entidades.<\/p>\n<p style=\"text-align: justify;\">Nos gusta ayudar y participar para que su empresa o entidad crezca y mejore d\u00eda a d\u00eda, d\u00e1ndoles las herramientas que m\u00e1s se adaptan a su situaci\u00f3n. Y para ello, creemos imprescindible, tener una relaci\u00f3n personal y directa.<\/p>\n<p style=\"text-align: justify;\">Nos complace colaborar con diferentes entidades sin \u00e1nimo de lucro, fundaciones y asociaciones, que nos conf\u00edan su gesti\u00f3n.<\/p>\n<p style=\"text-align: justify;\">Todo con precios a medida y con la garant\u00eda de una tarea profesional y seria.<\/p>\n<p><img loading=\"lazy\" decoding=\"async\" class=\"aligncenter wp-image-15860 size-full\" src=\"https:\/\/gestiobcn.com\/wp-content\/uploads\/2024\/05\/gestio-bcn-equipo.png\" alt=\"\" width=\"942\" height=\"549\" srcset=\"https:\/\/gestiobcn.com\/wp-content\/uploads\/2024\/05\/gestio-bcn-equipo.png 942w, https:\/\/gestiobcn.com\/wp-content\/uploads\/2024\/05\/gestio-bcn-equipo-300x175.png 300w, https:\/\/gestiobcn.com\/wp-content\/uploads\/2024\/05\/gestio-bcn-equipo-768x448.png 768w, https:\/\/gestiobcn.com\/wp-content\/uploads\/2024\/05\/gestio-bcn-equipo-48x28.png 48w\" sizes=\"auto, (max-width: 942px) 100vw, 942px\" \/><\/p>\n","protected":false},"excerpt":{"rendered":"<p>Somos un grupo de profesionales con una dilatada experiencia en la gesti\u00f3n fiscal, laboral y contable, que nos permite dar un servicio integral de asesoramiento y gesti\u00f3n para empresas y&#8230;<\/p>\n","protected":false},"author":2,"featured_media":0,"parent":0,"menu_order":0,"comment_status":"closed","ping_status":"open","template":"","meta":{"inline_featured_image":false,"footnotes":""},"class_list":["post-286","page","type-page","status-publish","hentry"],"aioseo_notices":[],"_links":{"self":[{"href":"https:\/\/gestiobcn.com\/es\/wp-json\/wp\/v2\/pages\/286","targetHints":{"allow":["GET"]}}],"collection":[{"href":"https:\/\/gestiobcn.com\/es\/wp-json\/wp\/v2\/pages"}],"about":[{"href":"https:\/\/gestiobcn.com\/es\/wp-json\/wp\/v2\/types\/page"}],"author":[{"embeddable":true,"href":"https:\/\/gestiobcn.com\/es\/wp-json\/wp\/v2\/users\/2"}],"replies":[{"embeddable":true,"href":"https:\/\/gestiobcn.com\/es\/wp-json\/wp\/v2\/comments?post=286"}],"version-history":[{"count":6,"href":"https:\/\/gestiobcn.com\/es\/wp-json\/wp\/v2\/pages\/286\/revisions"}],"predecessor-version":[{"id":15865,"href":"https:\/\/gestiobcn.com\/es\/wp-json\/wp\/v2\/pages\/286\/revisions\/15865"}],"wp:attachment":[{"href":"https:\/\/gestiobcn.com\/es\/wp-json\/wp\/v2\/media?parent=286"}],"curies":[{"name":"wp","href":"https:\/\/api.w.org\/{rel}","templated":true}]}}