{"id":14989,"date":"2023-12-23T22:52:55","date_gmt":"2023-12-23T21:52:55","guid":{"rendered":"https:\/\/gestiobcn.com\/?page_id=14989"},"modified":"2023-12-23T22:53:28","modified_gmt":"2023-12-23T21:53:28","slug":"servicios-fiscales","status":"publish","type":"page","link":"https:\/\/gestiobcn.com\/es\/fundaciones-y-asociaciones\/servicios-fiscales\/","title":{"rendered":"Servicios Fiscales"},"content":{"rendered":"<div class=\"wpb-content-wrapper\"><p>[vc_row][vc_column][vc_column_text]Desde el departamento fiscal, analizamos y le acompa\u00f1amos en sus obligaciones fiscales y tributarias, de acuerdo con la normativa vigente garantizando seguridad jur\u00eddica para la entidad y sus responsables.[\/vc_column_text][\/vc_column][\/vc_row][vc_row][vc_column width=&#8221;2\/3&#8243;][vc_column_text]Entre las diferentes tareas que llevamos a cabo, tiene:<\/p>\n<ul>\n<li>Confeccionamos y presentamos las obligaciones de declaraciones tributarias tanto en la Hacienda Tributaria Espa\u00f1ola como en la Agencia Tributaria de Catalunya.<\/li>\n<li>Confecci\u00f3n y presentaci\u00f3n telem\u00e1tica de los modelos oficiales de Cuentas Anuales, ante la administraci\u00f3n p\u00fablica que corresponda.<\/li>\n<li>Confecci\u00f3n y presentaci\u00f3n telem\u00e1tica ante el Protectorado de Fundaciones del Plan de Actuaci\u00f3n anual previsto.<\/li>\n<li>Revisi\u00f3n y confecci\u00f3n de libros oficiales obligatorios.<\/li>\n<li>Revisi\u00f3n y asesoramiento sobre contratos, convenios de colaboraci\u00f3n y patrocinios.<\/li>\n<li>Renovaciones de la Junta Directiva y Patronatos, con comunicaci\u00f3n en el Registro correspondiente.<\/li>\n<li>Tr\u00e1mites por cambio de domicilio y denominaci\u00f3n ante el correspondiente registro y la Agencia Tributaria.<\/li>\n<li>Tr\u00e1mites para la Declaraci\u00f3n de Utilidad P\u00fablica.<\/li>\n<li>Acompa\u00f1amiento en la gesti\u00f3n de inscripci\u00f3n a Registros de Cooperaci\u00f3n y Desarrollo, u otros.<\/li>\n<li>Asesoramiento sobre cuotas de asociados.<\/li>\n<li>Asesoramiento en la planificaci\u00f3n\/previsi\u00f3n de tesorer\u00eda.<\/li>\n<li>Asesoramiento en la confecci\u00f3n de la Memoria de Actividades.<\/li>\n<\/ul>\n<p>[\/vc_column_text][\/vc_column][vc_column width=&#8221;1\/3&#8243;][vc_single_image image=&#8221;14925&#8243; img_size=&#8221;full&#8221;][\/vc_column][\/vc_row]<\/p>\n<\/div>","protected":false},"excerpt":{"rendered":"<p>Perseguimos una planificaci\u00f3n fiscal continua de la empresa.<\/p>\n","protected":false},"author":2,"featured_media":14931,"parent":334,"menu_order":3,"comment_status":"closed","ping_status":"closed","template":"page-corporative.php","meta":{"inline_featured_image":false,"footnotes":""},"class_list":["post-14989","page","type-page","status-publish","has-post-thumbnail","hentry"],"aioseo_notices":[],"_links":{"self":[{"href":"https:\/\/gestiobcn.com\/es\/wp-json\/wp\/v2\/pages\/14989","targetHints":{"allow":["GET"]}}],"collection":[{"href":"https:\/\/gestiobcn.com\/es\/wp-json\/wp\/v2\/pages"}],"about":[{"href":"https:\/\/gestiobcn.com\/es\/wp-json\/wp\/v2\/types\/page"}],"author":[{"embeddable":true,"href":"https:\/\/gestiobcn.com\/es\/wp-json\/wp\/v2\/users\/2"}],"replies":[{"embeddable":true,"href":"https:\/\/gestiobcn.com\/es\/wp-json\/wp\/v2\/comments?post=14989"}],"version-history":[{"count":0,"href":"https:\/\/gestiobcn.com\/es\/wp-json\/wp\/v2\/pages\/14989\/revisions"}],"up":[{"embeddable":true,"href":"https:\/\/gestiobcn.com\/es\/wp-json\/wp\/v2\/pages\/334"}],"wp:featuredmedia":[{"embeddable":true,"href":"https:\/\/gestiobcn.com\/es\/wp-json\/wp\/v2\/media\/14931"}],"wp:attachment":[{"href":"https:\/\/gestiobcn.com\/es\/wp-json\/wp\/v2\/media?parent=14989"}],"curies":[{"name":"wp","href":"https:\/\/api.w.org\/{rel}","templated":true}]}}