{"id":14960,"date":"2023-12-23T21:37:14","date_gmt":"2023-12-23T20:37:14","guid":{"rendered":"https:\/\/gestiobcn.com\/?page_id=14960"},"modified":"2023-12-23T21:37:14","modified_gmt":"2023-12-23T20:37:14","slug":"servicios-fiscales","status":"publish","type":"page","link":"https:\/\/gestiobcn.com\/es\/autonomos\/servicios-fiscales\/","title":{"rendered":"Servicios Fiscales"},"content":{"rendered":"<div class=\"wpb-content-wrapper\"><p>[vc_row][vc_column][vc_column_text]Desde el departamento fiscal, analizamos y le acompa\u00f1amos en sus obligaciones fiscales y tributarias, de acuerdo con la normativa vigente y dise\u00f1amos conjuntamente el mapa de procesos ligado a sus obligaciones y necesidades de informaci\u00f3n.[\/vc_column_text][\/vc_column][\/vc_row][vc_row][vc_column width=&#8221;2\/3&#8243;][vc_column_text]Entre las diferentes tareas que llevamos a cabo, tiene:<\/p>\n<ul>\n<li>Informaci\u00f3n puntual y peri\u00f3dica de disposiciones fiscales y de todas las novedades y variaciones legislativas en materia fiscal.<\/li>\n<li>Resoluci\u00f3n de cualquier consulta de car\u00e1cter fiscal que pueda originarse.<\/li>\n<li>Orientaci\u00f3n sobre el sistema de tributaci\u00f3n m\u00e1s adecuado.<\/li>\n<li>Comunicaci\u00f3n de inicio de actividad en la Agencia Tributaria y alta RETA ante la Tesorer\u00eda General de la Seguridad Social.<\/li>\n<li>Confecci\u00f3n de libros registros obligatorios en funci\u00f3n de las obligaciones derivadas de la actividad.<\/li>\n<li>Confecci\u00f3n y presentaci\u00f3n de las declaraciones trimestrales y anuales en la Agencia Tributaria.<\/li>\n<li>Presentaci\u00f3n y modificaciones censales ante la Agencia Tributaria.<\/li>\n<\/ul>\n<p>[\/vc_column_text][\/vc_column][vc_column width=&#8221;1\/3&#8243;][vc_single_image image=&#8221;14925&#8243; img_size=&#8221;full&#8221;][\/vc_column][\/vc_row]<\/p>\n<\/div>","protected":false},"excerpt":{"rendered":"<p>Perseguimos una planificaci\u00f3n fiscal continua de la empresa.<\/p>\n","protected":false},"author":2,"featured_media":14915,"parent":338,"menu_order":2,"comment_status":"closed","ping_status":"closed","template":"page-corporative.php","meta":{"inline_featured_image":false,"footnotes":""},"class_list":["post-14960","page","type-page","status-publish","has-post-thumbnail","hentry"],"aioseo_notices":[],"_links":{"self":[{"href":"https:\/\/gestiobcn.com\/es\/wp-json\/wp\/v2\/pages\/14960","targetHints":{"allow":["GET"]}}],"collection":[{"href":"https:\/\/gestiobcn.com\/es\/wp-json\/wp\/v2\/pages"}],"about":[{"href":"https:\/\/gestiobcn.com\/es\/wp-json\/wp\/v2\/types\/page"}],"author":[{"embeddable":true,"href":"https:\/\/gestiobcn.com\/es\/wp-json\/wp\/v2\/users\/2"}],"replies":[{"embeddable":true,"href":"https:\/\/gestiobcn.com\/es\/wp-json\/wp\/v2\/comments?post=14960"}],"version-history":[{"count":0,"href":"https:\/\/gestiobcn.com\/es\/wp-json\/wp\/v2\/pages\/14960\/revisions"}],"up":[{"embeddable":true,"href":"https:\/\/gestiobcn.com\/es\/wp-json\/wp\/v2\/pages\/338"}],"wp:featuredmedia":[{"embeddable":true,"href":"https:\/\/gestiobcn.com\/es\/wp-json\/wp\/v2\/media\/14915"}],"wp:attachment":[{"href":"https:\/\/gestiobcn.com\/es\/wp-json\/wp\/v2\/media?parent=14960"}],"curies":[{"name":"wp","href":"https:\/\/api.w.org\/{rel}","templated":true}]}}