{"id":13215,"date":"2020-07-21T18:20:38","date_gmt":"2020-07-21T17:20:38","guid":{"rendered":"https:\/\/gestiobcn.com\/home-2\/"},"modified":"2024-06-24T13:19:01","modified_gmt":"2024-06-24T12:19:01","slug":"home-2","status":"publish","type":"page","link":"https:\/\/gestiobcn.com\/es\/","title":{"rendered":"Inicio"},"content":{"rendered":"<div class=\"wpb-content-wrapper\"><p>[vc_row][vc_column]<div id=\"carouselHome\" class=\"carousel slide carousel-fade\" data-bs-ride=\"carousel\"><div class=\"carousel-inner\"><div class=\"carousel-item active\" data-bs-interval=\"10000\"><img loading=\"lazy\" decoding=\"async\" src=\"https:\/\/gestiobcn.com\/wp-content\/uploads\/2024\/04\/carousel-slide-1-scaled.jpg\" width=\"2560\" height=\"1281\" class=\"d-block w-100\" alt=\"\"\/><div class=\"carousel-caption\"><h2>Asesor\u00eda fiscal, laboral y contable en Barcelona<\/h2><p>Su asesor\u00eda fiscal, laboral y contable en Barcelona. La eficacia y eficiencia de nuestra gesti\u00f3n a su servicio.<\/p><a class=\"btn btn-light\" href=\"https:\/\/gestiobcn.com\/es\/contacto\/\">Contacta<\/a><\/div><\/div><div class=\"carousel-item \" data-bs-interval=\"10000\"><img loading=\"lazy\" decoding=\"async\" src=\"https:\/\/gestiobcn.com\/wp-content\/uploads\/2024\/04\/carousel-slide-2-scaled.jpg\" width=\"2560\" height=\"1281\" class=\"d-block w-100\" alt=\"\"\/><div class=\"carousel-caption\"><h2>Nuestra gesti\u00f3n, su tranquilidad<\/h2><p>Acompa\u00f1ado siempre por nuestros expertos de la gesti\u00f3n podr\u00e1 centrarse en otras \u00e1reas del negocio<\/p><a class=\"btn btn-light\" href=\"https:\/\/gestiobcn.com\/es\/contacto\/\">Contacta<\/a><\/div><\/div><\/div><button class=\"carousel-control-prev\" type=\"button\" data-bs-target=\"#carouselHome\" data-bs-slide=\"prev\">\r\n                        <span class=\"carousel-control-prev-icon\" aria-hidden=\"true\"><\/span>\r\n                        <span class=\"visually-hidden\">Previous<\/span>\r\n                    <\/button>\r\n                    <button class=\"carousel-control-next\" type=\"button\" data-bs-target=\"#carouselHome\" data-bs-slide=\"next\">\r\n                        <span class=\"carousel-control-next-icon\" aria-hidden=\"true\"><\/span>\r\n                        <span class=\"visually-hidden\">Next<\/span>\r\n                    <\/button><\/div>[\/vc_column][\/vc_row][vc_section css=&#8221;.vc_custom_1686325543785{padding-top: 100px !important;padding-bottom: 100px !important;}&#8221;][vc_row el_class=&#8221;populated-card-row&#8221;][vc_column width=&#8221;1\/2&#8243; el_class=&#8221;populated-card&#8221; offset=&#8221;vc_col-lg-3&#8243;][vc_single_image image=&#8221;13026&#8243; img_size=&#8221;full&#8221; alignment=&#8221;center&#8221; el_class=&#8221;fixed-width animation-wobble-horizontal&#8221;][vc_custom_heading text=&#8221;FUNDACIONES Y ASOCIACIONES&#8221; font_container=&#8221;tag:h3|text_align:left&#8221; use_theme_fonts=&#8221;yes&#8221; link=&#8221;url:https%3A%2F%2Fgestiobcn.com%2Fes%2Ffundaciones-y-asociaciones%2F|title:FUNDACIONES%20Y%20ASOCIACIONES|&#8221;][vc_column_text]Estamos especialmente sensibilizados con las entidades sin \u00e1nimo de lucro.[\/vc_column_text][\/vc_column][vc_column width=&#8221;1\/2&#8243; el_class=&#8221;populated-card&#8221; offset=&#8221;vc_col-lg-3&#8243;][vc_single_image image=&#8221;13035&#8243; img_size=&#8221;70&#215;70&#8243; alignment=&#8221;center&#8221; el_class=&#8221;animation-wobble-horizontal&#8221;][vc_custom_heading text=&#8221;EMPRENDEDORES&#8221; font_container=&#8221;tag:h3|text_align:left&#8221; use_theme_fonts=&#8221;yes&#8221; link=&#8221;url:https%3A%2F%2Fgestiobcn.com%2Fes%2Fautonomos%2Femprendedores%2F|title:Emprenedores|&#8221;][vc_column_text]Queremos ayudar ahora que empiezas.[\/vc_column_text][\/vc_column][vc_column width=&#8221;1\/2&#8243; el_class=&#8221;populated-card&#8221; offset=&#8221;vc_col-lg-3&#8243;][vc_single_image image=&#8221;13030&#8243; img_size=&#8221;70&#215;70&#8243; alignment=&#8221;center&#8221; el_class=&#8221;animation-wobble-horizontal&#8221;][vc_custom_heading text=&#8221;EMPRESAS&#8221; font_container=&#8221;tag:h3|text_align:left&#8221; use_theme_fonts=&#8221;yes&#8221; link=&#8221;url:https%3A%2F%2Fgestiobcn.com%2Fes%2Fempresas%2F|title:Empresas|&#8221;][vc_column_text]Benef\u00edciese de todas las ventajas que supone unificar la gesti\u00f3n laboral, fiscal y contable de su empresa.[\/vc_column_text][\/vc_column][vc_column width=&#8221;1\/2&#8243; el_class=&#8221;populated-card&#8221; offset=&#8221;vc_col-lg-3&#8243;][vc_single_image image=&#8221;13032&#8243; img_size=&#8221;70&#215;70&#8243; alignment=&#8221;center&#8221; el_class=&#8221;animation-wobble-horizontal&#8221;][vc_custom_heading text=&#8221;AUT\u00d3NOMOS&#8221; font_container=&#8221;tag:h3|text_align:left&#8221; use_theme_fonts=&#8221;yes&#8221; link=&#8221;url:https%3A%2F%2Fgestiobcn.com%2Fes%2Fautonomos%2F|title:Aut%C3%B3nomos|&#8221;][vc_column_text]Ofrecemos diversos servicios profesionales a los aut\u00f3nomos.[\/vc_column_text][\/vc_column][\/vc_row][\/vc_section][vc_section css=&#8221;.vc_custom_1687136170847{background-image: url(http:\/\/localhost\/gestiobcn\/wp-content\/uploads\/2020\/07\/2020-07-16.png?id=13089) !important;background-position: center !important;background-repeat: no-repeat !important;background-size: cover !important;}&#8221; el_id=&#8221;home-about&#8221;][vc_row][vc_column offset=&#8221;vc_col-md-6&#8243;][vc_single_image image=&#8221;15090&#8243; img_size=&#8221;full&#8221;][\/vc_column][vc_column el_class=&#8221;home-about-caption&#8221; offset=&#8221;vc_col-md-6&#8243;][vc_custom_heading text=&#8221;Nosotros&#8221; font_container=&#8221;tag:div|text_align:left&#8221; use_theme_fonts=&#8221;yes&#8221; el_class=&#8221;sub-text&#8221;][vc_custom_heading text=&#8221;Bienvenidos a SM Gesti\u00f3 BCN&#8221; use_theme_fonts=&#8221;yes&#8221; el_class=&#8221;title&#8221;][vc_column_text]Somos una asesor\u00eda situada en el centro de Barcelona con m\u00e1s de 20 a\u00f1os de experiencia en gesti\u00f3n contable, fiscal y laboral. Descubra como reducir costos de gesti\u00f3n con presupuestos a medida y con la garant\u00eda de un trabajo profesional y serio.[\/vc_column_text][\/vc_column][\/vc_row][\/vc_section][vc_section css=&#8221;.vc_custom_1687136196316{padding-top: 100px !important;padding-bottom: 100px !important;}&#8221; el_id=&#8221;home-services&#8221;][vc_row][vc_column el_class=&#8221;home-services-caption&#8221;][vc_custom_heading text=&#8221;Servicios&#8221; font_container=&#8221;tag:div|text_align:left&#8221; use_theme_fonts=&#8221;yes&#8221; el_class=&#8221;sub-text&#8221;][vc_custom_heading text=&#8221;Nuestros Servicios&#8221; use_theme_fonts=&#8221;yes&#8221; el_class=&#8221;title&#8221;][\/vc_column][\/vc_row][vc_row el_class=&#8221;populated-card-row&#8221;][vc_column width=&#8221;1\/2&#8243; el_class=&#8221;populated-card&#8221; offset=&#8221;vc_col-lg-3&#8243;][vc_single_image image=&#8221;13035&#8243; img_size=&#8221;64&#215;64&#8243; alignment=&#8221;center&#8221; el_class=&#8221;animation-wobble-vertical&#8221;][vc_custom_heading text=&#8221;Alta Actividad&#8221; font_container=&#8221;tag:h3|text_align:left&#8221; use_theme_fonts=&#8221;yes&#8221; link=&#8221;url:https%3A%2F%2Fgestiobcn.com%2Fes%2Ffundaciones-y-asociaciones%2F|title:FUNDACIONES%20Y%20ASOCIACIONES|&#8221;][vc_column_text]Le tramitamos el alta de inicio de su actividad.[\/vc_column_text][\/vc_column][vc_column width=&#8221;1\/2&#8243; el_class=&#8221;populated-card&#8221; offset=&#8221;vc_col-lg-3&#8243;][vc_single_image image=&#8221;13069&#8243; img_size=&#8221;64&#215;64&#8243; alignment=&#8221;center&#8221; el_class=&#8221;animation-wobble-vertical&#8221;][vc_custom_heading text=&#8221;Orientaci\u00f3n Tributal&#8221; font_container=&#8221;tag:h3|text_align:left&#8221; use_theme_fonts=&#8221;yes&#8221; link=&#8221;url:https%3A%2F%2Fgestiobcn.com%2Fes%2Fautonomos%2Femprendedores%2F|title:Emprenedores|&#8221;][vc_column_text]Le orientamos sobre el sistema m\u00e1s adecuado de tributaci\u00f3n.[\/vc_column_text][\/vc_column][vc_column width=&#8221;1\/2&#8243; el_class=&#8221;populated-card&#8221; offset=&#8221;vc_col-lg-3&#8243;][vc_single_image image=&#8221;13066&#8243; img_size=&#8221;64&#215;64&#8243; alignment=&#8221;center&#8221; el_class=&#8221;animation-wobble-vertical&#8221;][vc_custom_heading text=&#8221;Gesti\u00f3n de proyectos&#8221; font_container=&#8221;tag:h3|text_align:left&#8221; use_theme_fonts=&#8221;yes&#8221; link=&#8221;url:https%3A%2F%2Fgestiobcn.com%2Fes%2Fempresas%2F|title:Empresas|&#8221;][vc_column_text]Seguimiento y control de gesti\u00f3n de proyectos.[\/vc_column_text][\/vc_column][vc_column width=&#8221;1\/2&#8243; el_class=&#8221;populated-card&#8221; offset=&#8221;vc_col-lg-3&#8243;][vc_single_image image=&#8221;13032&#8243; img_size=&#8221;64&#215;64&#8243; alignment=&#8221;center&#8221; el_class=&#8221;animation-wobble-vertical&#8221;][vc_custom_heading text=&#8221;Memoria para Hacienda&#8221; font_container=&#8221;tag:h3|text_align:left&#8221; use_theme_fonts=&#8221;yes&#8221; link=&#8221;url:https%3A%2F%2Fgestiobcn.com%2Fes%2Fautonomos%2F|title:FUNDACIONES%20Y%20ASOCIACIONES|&#8221;][vc_column_text]Confecci\u00f3n de la memoria para Hacienda.[\/vc_column_text][\/vc_column][vc_column width=&#8221;1\/2&#8243; el_class=&#8221;populated-card&#8221;][vc_single_image image=&#8221;13030&#8243; img_size=&#8221;64&#215;64&#8243; alignment=&#8221;center&#8221; el_class=&#8221;animation-wobble-vertical&#8221;][vc_custom_heading text=&#8221;Gesti\u00f3n laboral&#8221; font_container=&#8221;tag:h3|text_align:left&#8221; use_theme_fonts=&#8221;yes&#8221; link=&#8221;url:https%3A%2F%2Fgestiobcn.com%2Fes%2Ffundaciones-y-asociaciones%2F|title:FUNDACIONES%20Y%20ASOCIACIONES|&#8221;][vc_column_text]Llevamos la gesti\u00f3n laboral para entidades de todo tipo.[\/vc_column_text][\/vc_column][vc_column width=&#8221;1\/2&#8243; el_class=&#8221;populated-card&#8221;][vc_single_image image=&#8221;13071&#8243; img_size=&#8221;64&#215;64&#8243; alignment=&#8221;center&#8221; el_class=&#8221;animation-wobble-vertical&#8221;][vc_custom_heading text=&#8221;Gesti\u00f3n laboral clientes&#8221; font_container=&#8221;tag:h3|text_align:left&#8221; use_theme_fonts=&#8221;yes&#8221; link=&#8221;url:https%3A%2F%2Fgestiobcn.com%2Fes%2Ffundaciones-y-asociaciones%2F|title:FUNDACIONES%20Y%20ASOCIACIONES|&#8221;][vc_column_text]Nos encargamos de toda la gesti\u00f3n laboral de sus clientes.[\/vc_column_text][\/vc_column][\/vc_row][vc_row el_class=&#8221;home-services-button&#8221;][vc_column][vc_btn title=&#8221;Contacta&#8221; link=&#8221;url:https%3A%2F%2Fgestiobcn.com%2Fes%2Fcontacto%2F|title:Contacta|&#8221; el_class=&#8221;btn btn-primary&#8221;][\/vc_column][\/vc_row][\/vc_section][vc_section el_id=&#8221;home-blog&#8221;][vc_row el_class=&#8221;home-blog-row&#8221;][vc_column width=&#8221;1\/2&#8243;][vc_custom_heading text=&#8221;Art\u00edculos recientes&#8221; font_container=&#8221;tag:div|text_align:left&#8221; use_theme_fonts=&#8221;yes&#8221; el_class=&#8221;sub-text&#8221;][vc_custom_heading text=&#8221;Ver art\u00edculos recientes&#8221; use_theme_fonts=&#8221;yes&#8221; el_class=&#8221;title&#8221;][\/vc_column][vc_column width=&#8221;1\/2&#8243; el_class=&#8221;home-blog-button&#8221;][vc_btn title=&#8221;Visita el Blog&#8221; link=&#8221;url:https%3A%2F%2Fgestiobcn.com%2Fes%2Fblog%2F|title:Blog|&#8221; el_class=&#8221;btn btn-primary&#8221;][\/vc_column][\/vc_row][\/vc_section][vc_section css=&#8221;.vc_custom_1700927636386{padding-top: 44px !important;padding-right: 44px !important;padding-bottom: 44px !important;padding-left: 44px !important;}&#8221; el_id=&#8221;home-services-list&#8221;][vc_row el_class=&#8221;home-services-list-row&#8221;][vc_column width=&#8221;1\/3&#8243;][vc_column_text]<\/p>\n<h2>LOS MEJORES PROFESIONALES A TU SERVICIO<\/h2>\n<p>[\/vc_column_text][\/vc_column][vc_column width=&#8221;1\/3&#8243;][vc_column_text]<\/p>\n<ul>\n<li>CONSTITUCI\u00d3N DE EMPRESAS<\/li>\n<li>CAPITALITZACI\u00d3 ATUR<\/li>\n<li>CAPITALIZACI\u00d3N PARO<\/li>\n<li>GESTI\u00d3N LABORAL ESPEC\u00cdFICA PARA ENTIDADES<\/li>\n<\/ul>\n<p>[\/vc_column_text][\/vc_column][vc_column width=&#8221;1\/3&#8243;][vc_column_text]<\/p>\n<ul>\n<li>TR\u00c1MITES PARA LA DECLARACI\u00d3N DE UTILIDAD P\u00daBLICA<\/li>\n<li>ASESOR\u00cdA EN RECURSOS HUMANOS<\/li>\n<li>NEGOCIACI\u00d3N Y REDACCI\u00d3N DE CONVENIOS COLECTIVOS SECTORIALES Y DE EMPRESA<\/li>\n<li>ASESORAMIENTO Y TR\u00c1MITES DE ALTA EN INICIO DE ACTIVIDAD<\/li>\n<\/ul>\n<p>[\/vc_column_text][\/vc_column][\/vc_row][\/vc_section][vc_section css=&#8221;.vc_custom_1687136485220{background-color: #def4de !important;}&#8221; el_id=&#8221;home-contact&#8221;][vc_row el_class=&#8221;home-contact-row&#8221;][vc_column width=&#8221;1\/3&#8243;][vc_column_text]<\/p>\n<h2>ALGUNA PREGUNTA?<br \/>\nSOLICITE INFORMACI\u00d3N<\/h2>\n<p>[\/vc_column_text][\/vc_column][vc_column width=&#8221;1\/3&#8243;][vc_column_text el_class=&#8221;phone&#8221;]93 667 36 26[\/vc_column_text][\/vc_column][vc_column width=&#8221;1\/3&#8243;][vc_column_text el_class=&#8221;journaly&#8221;]Lunes a Viernes de <strong>9:00<\/strong> a <strong>18:00<\/strong>[\/vc_column_text][\/vc_column][\/vc_row][\/vc_section]<\/p>\n<\/div>","protected":false},"excerpt":{"rendered":"<p>[vc_row][vc_column][\/vc_column][\/vc_row][vc_section css=&#8221;.vc_custom_1686325543785{padding-top: 100px !important;padding-bottom: 100px !important;}&#8221;][vc_row el_class=&#8221;populated-card-row&#8221;][vc_column width=&#8221;1\/2&#8243; el_class=&#8221;populated-card&#8221; offset=&#8221;vc_col-lg-3&#8243;][vc_single_image image=&#8221;13026&#8243; img_size=&#8221;full&#8221; alignment=&#8221;center&#8221; el_class=&#8221;fixed-width animation-wobble-horizontal&#8221;][vc_custom_heading text=&#8221;FUNDACIONES Y ASOCIACIONES&#8221; font_container=&#8221;tag:h3|text_align:left&#8221; use_theme_fonts=&#8221;yes&#8221; link=&#8221;url:https%3A%2F%2Fgestiobcn.com%2Fes%2Ffundaciones-y-asociaciones%2F|title:FUNDACIONES%20Y%20ASOCIACIONES|&#8221;][vc_column_text]Estamos especialmente sensibilizados con las entidades sin \u00e1nimo de lucro.[\/vc_column_text][\/vc_column][vc_column&#8230;<\/p>\n","protected":false},"author":2,"featured_media":0,"parent":0,"menu_order":0,"comment_status":"closed","ping_status":"closed","template":"page-vc.php","meta":{"inline_featured_image":false,"footnotes":""},"class_list":["post-13215","page","type-page","status-publish","hentry"],"aioseo_notices":[],"_links":{"self":[{"href":"https:\/\/gestiobcn.com\/es\/wp-json\/wp\/v2\/pages\/13215","targetHints":{"allow":["GET"]}}],"collection":[{"href":"https:\/\/gestiobcn.com\/es\/wp-json\/wp\/v2\/pages"}],"about":[{"href":"https:\/\/gestiobcn.com\/es\/wp-json\/wp\/v2\/types\/page"}],"author":[{"embeddable":true,"href":"https:\/\/gestiobcn.com\/es\/wp-json\/wp\/v2\/users\/2"}],"replies":[{"embeddable":true,"href":"https:\/\/gestiobcn.com\/es\/wp-json\/wp\/v2\/comments?post=13215"}],"version-history":[{"count":9,"href":"https:\/\/gestiobcn.com\/es\/wp-json\/wp\/v2\/pages\/13215\/revisions"}],"predecessor-version":[{"id":15936,"href":"https:\/\/gestiobcn.com\/es\/wp-json\/wp\/v2\/pages\/13215\/revisions\/15936"}],"wp:attachment":[{"href":"https:\/\/gestiobcn.com\/es\/wp-json\/wp\/v2\/media?parent=13215"}],"curies":[{"name":"wp","href":"https:\/\/api.w.org\/{rel}","templated":true}]}}